{"id":1108,"date":"2016-01-18T17:50:09","date_gmt":"2016-01-18T09:50:09","guid":{"rendered":"http:\/\/www.cnwirenail.com\/fr\/?page_id=1108"},"modified":"2017-11-27T11:23:59","modified_gmt":"2017-11-27T03:23:59","slug":"a-propos-de-nous","status":"publish","type":"page","link":"https:\/\/www.cnwirenail.com\/fr\/a-propos-de-nous","title":{"rendered":"\u00c0 propos de nous"},"content":{"rendered":"<p><a href=\"https:\/\/www.cnwirenail.com\/wp-content\/uploads\/2017\/11\/Newbanner01-Automatic-Steel-Wire-Nail-Making-Machine-for-Sale.jpg\"><img decoding=\"async\" class=\"alignnone size-large wp-image-2362\" src=\"https:\/\/www.cnwirenail.com\/wp-content\/uploads\/2017\/11\/Newbanner01-Automatic-Steel-Wire-Nail-Making-Machine-for-Sale-1024x269.jpg\" alt=\"Newbanner01-Automatic-Steel-Wire-Nail-Making-Machine-for-Sale\" width=\"1024\" height=\"269\" srcset=\"https:\/\/www.cnwirenail.com\/wp-content\/uploads\/2017\/11\/Newbanner01-Automatic-Steel-Wire-Nail-Making-Machine-for-Sale-1024x269.jpg 1024w, https:\/\/www.cnwirenail.com\/wp-content\/uploads\/2017\/11\/Newbanner01-Automatic-Steel-Wire-Nail-Making-Machine-for-Sale-300x79.jpg 300w, https:\/\/www.cnwirenail.com\/wp-content\/uploads\/2017\/11\/Newbanner01-Automatic-Steel-Wire-Nail-Making-Machine-for-Sale-768x202.jpg 768w, https:\/\/www.cnwirenail.com\/wp-content\/uploads\/2017\/11\/Newbanner01-Automatic-Steel-Wire-Nail-Making-Machine-for-Sale.jpg 1900w\" sizes=\"(max-width: 1024px) 100vw, 1024px\" \/><\/a><\/p>\n<p><a href=\"https:\/\/www.cnwirenail.com\/wp-content\/uploads\/2017\/11\/Newbanner05-High-Speed-Coil-Nail-Collator-Machine-Manfuacture.jpg\"><img decoding=\"async\" class=\"alignnone size-large wp-image-2367\" src=\"https:\/\/www.cnwirenail.com\/wp-content\/uploads\/2017\/11\/Newbanner05-High-Speed-Coil-Nail-Collator-Machine-Manfuacture-1024x269.jpg\" alt=\"Newbanner05-High-Speed-Coil-Nail-Collator-Machine-Manfuacture\" width=\"1024\" height=\"269\" srcset=\"https:\/\/www.cnwirenail.com\/wp-content\/uploads\/2017\/11\/Newbanner05-High-Speed-Coil-Nail-Collator-Machine-Manfuacture-1024x269.jpg 1024w, https:\/\/www.cnwirenail.com\/wp-content\/uploads\/2017\/11\/Newbanner05-High-Speed-Coil-Nail-Collator-Machine-Manfuacture-300x79.jpg 300w, https:\/\/www.cnwirenail.com\/wp-content\/uploads\/2017\/11\/Newbanner05-High-Speed-Coil-Nail-Collator-Machine-Manfuacture-768x202.jpg 768w, https:\/\/www.cnwirenail.com\/wp-content\/uploads\/2017\/11\/Newbanner05-High-Speed-Coil-Nail-Collator-Machine-Manfuacture.jpg 1900w\" sizes=\"(max-width: 1024px) 100vw, 1024px\" \/><\/a><\/p>\n<p>Romiter groupe est bas\u00e9 dans le nord de la Chine. Romiter Groupe se concentrent sur la fabrication et le commerce Nail Making Machine, tr\u00e9filage machine, vis Nail Making Machine, Toiture Nail Making Machine, Nail B\u00e9ton Making Machine, Rivet Nail Making Machine, fil machine de soudure Mesh Grillage machine \u00e0 tisser, Butt Weld machine. Romiter peut \u00e9galement fournir la machine de produits en fil m\u00e9tallique, incluent le fil Machine suspension de fabrication, le fil machine de fabrication de printemps.<\/p>\n<p><span style=\"font-size: 12px; font-family: Verdana;\"><a href=\"https:\/\/www.cnwirenail.com\/wp-content\/uploads\/2017\/11\/Newbanner03-Super-High-Speed-Steel-Wire-Nail-Making-Machine-Manufacture.jpg\"><img decoding=\"async\" class=\"alignnone size-large wp-image-2363\" src=\"https:\/\/www.cnwirenail.com\/wp-content\/uploads\/2017\/11\/Newbanner03-Super-High-Speed-Steel-Wire-Nail-Making-Machine-Manufacture-1024x269.jpg\" alt=\"Newbanner03-Super-High-Speed-Steel-Wire-Nail-Making-Machine-Manufacture\" width=\"1024\" height=\"269\" srcset=\"https:\/\/www.cnwirenail.com\/wp-content\/uploads\/2017\/11\/Newbanner03-Super-High-Speed-Steel-Wire-Nail-Making-Machine-Manufacture-1024x269.jpg 1024w, https:\/\/www.cnwirenail.com\/wp-content\/uploads\/2017\/11\/Newbanner03-Super-High-Speed-Steel-Wire-Nail-Making-Machine-Manufacture-300x79.jpg 300w, https:\/\/www.cnwirenail.com\/wp-content\/uploads\/2017\/11\/Newbanner03-Super-High-Speed-Steel-Wire-Nail-Making-Machine-Manufacture-768x202.jpg 768w, https:\/\/www.cnwirenail.com\/wp-content\/uploads\/2017\/11\/Newbanner03-Super-High-Speed-Steel-Wire-Nail-Making-Machine-Manufacture.jpg 1900w\" sizes=\"(max-width: 1024px) 100vw, 1024px\" \/><\/a><\/span><\/p>\n<p>Romiter Nail Making Machine adopte la technologie de pointe et est capable de produire \u00e0 la fois des clous en acier communs et clou en acier de forme sp\u00e9ciale.<br \/>\nRomiter Wire Mesh Machine de soudure a la vitesse rapide et l&rsquo;effet de soudure parfaite. Demande durable, beau et large<\/p>\n<p><a href=\"https:\/\/www.cnwirenail.com\/wp-content\/uploads\/2017\/11\/Newbanner02-Automatic-Steel-Wire-Drawing-Machine-Manufacture-and-Supplier-for-Sale.jpg\"><img decoding=\"async\" class=\"alignnone size-large wp-image-2365\" src=\"https:\/\/www.cnwirenail.com\/wp-content\/uploads\/2017\/11\/Newbanner02-Automatic-Steel-Wire-Drawing-Machine-Manufacture-and-Supplier-for-Sale-1024x269.jpg\" alt=\"Newbanner02-Automatic-Steel-Wire-Drawing-Machine-Manufacture-and-Supplier-for-Sale\" width=\"1024\" height=\"269\" srcset=\"https:\/\/www.cnwirenail.com\/wp-content\/uploads\/2017\/11\/Newbanner02-Automatic-Steel-Wire-Drawing-Machine-Manufacture-and-Supplier-for-Sale-1024x269.jpg 1024w, https:\/\/www.cnwirenail.com\/wp-content\/uploads\/2017\/11\/Newbanner02-Automatic-Steel-Wire-Drawing-Machine-Manufacture-and-Supplier-for-Sale-300x79.jpg 300w, https:\/\/www.cnwirenail.com\/wp-content\/uploads\/2017\/11\/Newbanner02-Automatic-Steel-Wire-Drawing-Machine-Manufacture-and-Supplier-for-Sale-768x202.jpg 768w, https:\/\/www.cnwirenail.com\/wp-content\/uploads\/2017\/11\/Newbanner02-Automatic-Steel-Wire-Drawing-Machine-Manufacture-and-Supplier-for-Sale.jpg 1900w\" sizes=\"(max-width: 1024px) 100vw, 1024px\" \/><\/a><\/p>\n<h2 class=\"MsoNormal\" style=\"text-align: left;\" align=\"left\"><b><span style=\"font-size: 18px; font-family: Verdana;\">Service<\/span><\/b><\/h2>\n<ol>\n<li><span style=\"font-size: 12px; font-family: Verdana;\">Our own QC staffs ,check the quality strictly before deliverying for our clients.<\/span><\/li>\n<li><span style=\"font-size: 12px; font-family: Verdana;\">Detailed introductions make you understood,and make you to operate all the machines easily.<\/span><\/li>\n<li><span style=\"font-size: 12px; font-family: Verdana;\">If need professional engineer will go to your plant to set the machine for you until it operates very well.<\/span><\/li>\n<li><span style=\"font-size: 12px; font-family: Verdana;\">If there was something wrong with the machines,we promise it will be solved within 24 hours.<br \/>\n<\/span><\/li>\n<\/ol>\n<p class=\"MsoNormal\" style=\"text-align: left; background: white;\" align=\"left\"><span style=\"font-size: 12px; font-family: Verdana;\">Now we are purchasing agent of many customers all over the world.Purchase almost everything for them.We have lots of experiences of purchasing. Low cost and good quality is our target\u00a0<\/span><\/p>\n<p align=\"left\"><a href=\"https:\/\/www.cnwirenail.com\/wp-content\/uploads\/2017\/11\/Newbanner04-Automatic-Roofing-Nail-Umbrella-Nail-Making-Machine-Manufacture-for-Sale.jpg\"><img decoding=\"async\" class=\"alignnone size-large wp-image-2364\" src=\"https:\/\/www.cnwirenail.com\/wp-content\/uploads\/2017\/11\/Newbanner04-Automatic-Roofing-Nail-Umbrella-Nail-Making-Machine-Manufacture-for-Sale-1024x269.jpg\" alt=\"Newbanner04-Automatic-Roofing-Nail-Umbrella-Nail-Making-Machine-Manufacture-for-Sale\" width=\"1024\" height=\"269\" srcset=\"https:\/\/www.cnwirenail.com\/wp-content\/uploads\/2017\/11\/Newbanner04-Automatic-Roofing-Nail-Umbrella-Nail-Making-Machine-Manufacture-for-Sale-1024x269.jpg 1024w, https:\/\/www.cnwirenail.com\/wp-content\/uploads\/2017\/11\/Newbanner04-Automatic-Roofing-Nail-Umbrella-Nail-Making-Machine-Manufacture-for-Sale-300x79.jpg 300w, https:\/\/www.cnwirenail.com\/wp-content\/uploads\/2017\/11\/Newbanner04-Automatic-Roofing-Nail-Umbrella-Nail-Making-Machine-Manufacture-for-Sale-768x202.jpg 768w, https:\/\/www.cnwirenail.com\/wp-content\/uploads\/2017\/11\/Newbanner04-Automatic-Roofing-Nail-Umbrella-Nail-Making-Machine-Manufacture-for-Sale.jpg 1900w\" sizes=\"(max-width: 1024px) 100vw, 1024px\" \/><\/a><\/p>\n<p class=\"MsoNormal\" style=\"text-align: left;\" align=\"left\"><b><span style=\"font-size: 18px; font-family: Verdana;\">Basic Information<\/span><\/b><\/p>\n<table class=\"MsoNormalTable ke-zeroborder\" style=\"width: 447.0pt;\" border=\"0\" width=\"596\" cellspacing=\"0\" cellpadding=\"0\">\n<tbody>\n<tr>\n<td width=\"174\">\n<p class=\"MsoNormal\" style=\"text-align: left;\" align=\"left\"><span style=\"font-size: 12px; font-family: Verdana;\">Business Type:<\/span><\/p>\n<\/td>\n<td width=\"422\">\n<p class=\"MsoNormal\" style=\"text-align: left;\" align=\"left\"><span style=\"font-size: 12px; font-family: Verdana;\">Manufacture, Trading Company, Purchasing Agent<\/span><\/p>\n<\/td>\n<\/tr>\n<tr>\n<td>\n<p class=\"MsoNormal\" style=\"text-align: left;\" align=\"left\"><span style=\"font-size: 12px; font-family: Verdana;\">Product\/Service: <\/span><\/p>\n<\/td>\n<td width=\"422\">\n<p class=\"MsoNormal\" style=\"text-align: left;\" align=\"left\"><span style=\"font-size: 12px; font-family: Verdana;\"><a href=\"https:\/\/www.cnwirenail.com\/\">Nail Making Machine<\/a>, <a href=\"https:\/\/www.cnwirenail.com\/rivet-nail-making-machine.html\">Rivet Nail Making Machine<\/a>, <a href=\"https:\/\/www.cnwirenail.com\/automatic-roofing-nail-making-machine.html\">Roofing Nail Making Machine<\/a>, Concrete Nail Making Machine, <a href=\"https:\/\/www.cnwirenail.com\/dry-type-wire-drawing-machine.html\">Wire Drawing Machine<\/a>, <a href=\"https:\/\/www.cnwirenail.com\/nail-polishing-machine.html\">Nail Polishing Machine<\/a>, <a href=\"https:\/\/www.cnwirenail.com\/galvanized-nail-machine.html\">Nail Galvanizing Machine<\/a>, Nail Sharpener, Wire Mesh Welding Machine, Wire Mesh Weaving Machine, Wire Butt Welding Machine, <a href=\"https:\/\/www.cnwirenail.com\/cnc-control-galvanized-wire-hunger-making-machine.html\">Wire Hanger Making Machine<\/a>, <a href=\"https:\/\/www.cnwirenail.com\/clothes-pegs-wire-spring-making-machine.html\">Wire Spring Making Machine<\/a>,\u00a0<a href=\"https:\/\/www.cnwirenail.com\/steel-chain-making-machine.html\">Steel Chain Making Machine<\/a>, Bobby Pin Making Machine, <a href=\"https:\/\/www.cnwirenail.com\/bicycle-spoke-making-machine.html\">Spoke Making Machine<\/a><\/span><\/p>\n<\/td>\n<\/tr>\n<tr>\n<td width=\"174\">\n<p class=\"MsoNormal\" style=\"text-align: left;\" align=\"left\"><span style=\"font-size: 12px; font-family: Verdana;\">Main Market:<\/span><\/p>\n<\/td>\n<td width=\"422\">\n<p class=\"MsoNormal\" style=\"text-align: left;\" align=\"left\"><span style=\"font-size: 12px; font-family: Verdana;\">Worldwide<\/span><\/p>\n<\/td>\n<\/tr>\n<tr>\n<td width=\"174\">\n<p class=\"MsoNormal\" style=\"text-align: left;\" align=\"left\"><span style=\"font-size: 12px; font-family: Verdana;\">Brands:<\/span><\/p>\n<\/td>\n<td width=\"422\">\n<p class=\"MsoNormal\" style=\"text-align: left;\" align=\"left\"><span style=\"font-size: 12px; font-family: Verdana;\">Romiter<\/span><\/p>\n<\/td>\n<\/tr>\n<tr>\n<td width=\"174\">\n<p class=\"MsoNormal\" style=\"text-align: left;\" align=\"left\">Motto<\/p>\n<\/td>\n<td width=\"422\">Be your best business partner<\/td>\n<\/tr>\n<\/tbody>\n<\/table>\n<h2><\/h2>\n<h2>Welcome to Contact Us<\/h2>\n\n<div class=\"wpcf7 no-js\" id=\"wpcf7-f4-o1\" lang=\"zh-CN\" dir=\"ltr\" data-wpcf7-id=\"4\">\n<div class=\"screen-reader-response\"><p role=\"status\" aria-live=\"polite\" aria-atomic=\"true\"><\/p> <ul><\/ul><\/div>\n<form action=\"\/fr\/wp-json\/wp\/v2\/pages\/1108#wpcf7-f4-o1\" method=\"post\" class=\"wpcf7-form init\" aria-label=\"\u7559\u8a00\u8868\u5355\" novalidate=\"novalidate\" data-status=\"init\">\n<fieldset class=\"hidden-fields-container\"><input type=\"hidden\" name=\"_wpcf7\" value=\"4\" \/><input type=\"hidden\" name=\"_wpcf7_version\" value=\"6.1.5\" \/><input type=\"hidden\" name=\"_wpcf7_locale\" value=\"zh_CN\" \/><input type=\"hidden\" name=\"_wpcf7_unit_tag\" value=\"wpcf7-f4-o1\" \/><input type=\"hidden\" name=\"_wpcf7_container_post\" value=\"0\" \/><input type=\"hidden\" name=\"_wpcf7_posted_data_hash\" value=\"\" \/>\n<\/fieldset>\n<div id=\"inquiryForm\">\n\t<h2>Send Us Inquiry to Get Quotation\n\t<\/h2>\n\t<p>Please enter your contact information and the details you want to know about our product.\n\t<\/p>\n\t<p>Your Name (required)\n\t<\/p>\n\t<p><span class=\"wpcf7-form-control-wrap\" data-name=\"your-name\"><input size=\"40\" maxlength=\"400\" class=\"wpcf7-form-control wpcf7-text wpcf7-validates-as-required\" aria-required=\"true\" aria-invalid=\"false\" value=\"\" type=\"text\" name=\"your-name\" \/><\/span>\n\t<\/p>\n\t<p>Your Email (required)\n\t<\/p>\n\t<p><span class=\"wpcf7-form-control-wrap\" data-name=\"your-email\"><input size=\"40\" maxlength=\"400\" class=\"wpcf7-form-control wpcf7-email wpcf7-validates-as-required wpcf7-text wpcf7-validates-as-email\" aria-required=\"true\" aria-invalid=\"false\" value=\"\" type=\"email\" name=\"your-email\" \/><\/span>\n\t<\/p>\n\t<p>Country\n\t<\/p>\n\t<p><span class=\"wpcf7-form-control-wrap\" data-name=\"your-country\"><input size=\"40\" maxlength=\"400\" class=\"wpcf7-form-control wpcf7-text\" aria-invalid=\"false\" placeholder=\"Tell us Your Country\" value=\"\" type=\"text\" name=\"your-country\" \/><\/span>\n\t<\/p>\n\t<p>WhatsApp\n\t<\/p>\n\t<p><span class=\"wpcf7-form-control-wrap\" data-name=\"your-whatsapp\"><input size=\"40\" maxlength=\"400\" class=\"wpcf7-form-control wpcf7-text\" aria-invalid=\"false\" placeholder=\"Your WhatsApp ID with Country Code\" value=\"\" type=\"text\" name=\"your-whatsapp\" \/><\/span>\n\t<\/p>\n\t<p>Subject\n\t<\/p>\n\t<p><span class=\"wpcf7-form-control-wrap\" data-name=\"your-subject\"><input size=\"40\" maxlength=\"400\" class=\"wpcf7-form-control wpcf7-text\" aria-invalid=\"false\" value=\"\" type=\"text\" name=\"your-subject\" \/><\/span>\n\t<\/p>\n\t<p>Your Message (required)\n\t<\/p>\n\t<p><span class=\"wpcf7-form-control-wrap\" data-name=\"your-message\"><textarea cols=\"40\" rows=\"10\" maxlength=\"2000\" class=\"wpcf7-form-control wpcf7-textarea wpcf7-validates-as-required\" aria-required=\"true\" aria-invalid=\"false\" placeholder=\"please specify your detail requirement here\" name=\"your-message\"><\/textarea><\/span>\n\t<\/p>\n\t<p><input class=\"wpcf7-form-control wpcf7-submit has-spinner\" type=\"submit\" value=\"Send\" \/>\n\t<\/p>\n<\/div><p style=\"display: none !important;\" class=\"akismet-fields-container\" data-prefix=\"_wpcf7_ak_\"><label>&#916;<textarea name=\"_wpcf7_ak_hp_textarea\" cols=\"45\" rows=\"8\" maxlength=\"100\"><\/textarea><\/label><input type=\"hidden\" id=\"ak_js_1\" name=\"_wpcf7_ak_js\" value=\"165\"\/><script>document.getElementById( \"ak_js_1\" ).setAttribute( \"value\", ( new Date() ).getTime() );<\/script><\/p><div class=\"wpcf7-response-output\" aria-hidden=\"true\"><\/div>\n<\/form>\n<\/div>\n\n","protected":false},"excerpt":{"rendered":"<p>Romiter groupe est bas\u00e9 dans le nord de la Chine. Romiter Groupe se concentrent sur la fabrication et le commerce Nail Making Machine, tr\u00e9filage machine, vis Nail Making Machine, Toiture Nail Making Machine, Nail B\u00e9ton Making Machine, Rivet Nail Making Machine, fil machine de soudure Mesh Grillage machine \u00e0 tisser, Butt Weld machine. Romiter peut \u00e9galement fournir la machine de produits en fil m\u00e9tallique, incluent le fil Machine suspension de fabrication, le fil machine de fabrication de printemps. Romiter Nail Making Machine adopte la technologie de pointe et est capable de produire \u00e0 la fois des clous en acier communs et clou en acier de forme sp\u00e9ciale. Romiter Wire Mesh Machine de soudure a la vitesse rapide et l&rsquo;effet de soudure parfaite. Demande durable, beau et large Service Our own QC staffs ,check the quality strictly before deliverying for our clients. Detailed introductions make you understood,and make you to operate all the machines easily. If need professional engineer will go &#8230;<\/p>\n","protected":false},"author":1,"featured_media":0,"parent":0,"menu_order":0,"comment_status":"open","ping_status":"open","template":"","meta":{"footnotes":""},"class_list":["post-1108","page","type-page","status-publish","hentry"],"aioseo_notices":[],"_links":{"self":[{"href":"https:\/\/www.cnwirenail.com\/fr\/wp-json\/wp\/v2\/pages\/1108","targetHints":{"allow":["GET"]}}],"collection":[{"href":"https:\/\/www.cnwirenail.com\/fr\/wp-json\/wp\/v2\/pages"}],"about":[{"href":"https:\/\/www.cnwirenail.com\/fr\/wp-json\/wp\/v2\/types\/page"}],"author":[{"embeddable":true,"href":"https:\/\/www.cnwirenail.com\/fr\/wp-json\/wp\/v2\/users\/1"}],"replies":[{"embeddable":true,"href":"https:\/\/www.cnwirenail.com\/fr\/wp-json\/wp\/v2\/comments?post=1108"}],"version-history":[{"count":0,"href":"https:\/\/www.cnwirenail.com\/fr\/wp-json\/wp\/v2\/pages\/1108\/revisions"}],"wp:attachment":[{"href":"https:\/\/www.cnwirenail.com\/fr\/wp-json\/wp\/v2\/media?parent=1108"}],"curies":[{"name":"wp","href":"https:\/\/api.w.org\/{rel}","templated":true}]}}