{"id":122,"date":"2014-08-22T15:57:33","date_gmt":"2014-08-22T07:57:33","guid":{"rendered":"http:\/\/www.cnwirenail.com\/?page_id=122"},"modified":"2017-11-27T11:23:14","modified_gmt":"2017-11-27T03:23:14","slug":"acerca-de-nosotros","status":"publish","type":"page","link":"https:\/\/www.cnwirenail.com\/es\/acerca-de-nosotros","title":{"rendered":"Acerca de nosotros"},"content":{"rendered":"<p><a href=\"https:\/\/www.cnwirenail.com\/wp-content\/uploads\/2017\/11\/Newbanner01-Automatic-Steel-Wire-Nail-Making-Machine-for-Sale.jpg\"><img decoding=\"async\" class=\"alignnone size-large wp-image-2362\" src=\"https:\/\/www.cnwirenail.com\/wp-content\/uploads\/2017\/11\/Newbanner01-Automatic-Steel-Wire-Nail-Making-Machine-for-Sale-1024x269.jpg\" alt=\"Newbanner01-Automatic-Steel-Wire-Nail-Making-Machine-for-Sale\" width=\"1024\" height=\"269\" srcset=\"https:\/\/www.cnwirenail.com\/wp-content\/uploads\/2017\/11\/Newbanner01-Automatic-Steel-Wire-Nail-Making-Machine-for-Sale-1024x269.jpg 1024w, https:\/\/www.cnwirenail.com\/wp-content\/uploads\/2017\/11\/Newbanner01-Automatic-Steel-Wire-Nail-Making-Machine-for-Sale-300x79.jpg 300w, https:\/\/www.cnwirenail.com\/wp-content\/uploads\/2017\/11\/Newbanner01-Automatic-Steel-Wire-Nail-Making-Machine-for-Sale-768x202.jpg 768w, https:\/\/www.cnwirenail.com\/wp-content\/uploads\/2017\/11\/Newbanner01-Automatic-Steel-Wire-Nail-Making-Machine-for-Sale.jpg 1900w\" sizes=\"(max-width: 1024px) 100vw, 1024px\" \/><\/a><\/p>\n<p><a href=\"https:\/\/www.cnwirenail.com\/wp-content\/uploads\/2017\/11\/Newbanner05-High-Speed-Coil-Nail-Collator-Machine-Manfuacture.jpg\"><img decoding=\"async\" class=\"alignnone size-large wp-image-2367\" src=\"https:\/\/www.cnwirenail.com\/wp-content\/uploads\/2017\/11\/Newbanner05-High-Speed-Coil-Nail-Collator-Machine-Manfuacture-1024x269.jpg\" alt=\"Newbanner05-High-Speed-Coil-Nail-Collator-Machine-Manfuacture\" width=\"1024\" height=\"269\" srcset=\"https:\/\/www.cnwirenail.com\/wp-content\/uploads\/2017\/11\/Newbanner05-High-Speed-Coil-Nail-Collator-Machine-Manfuacture-1024x269.jpg 1024w, https:\/\/www.cnwirenail.com\/wp-content\/uploads\/2017\/11\/Newbanner05-High-Speed-Coil-Nail-Collator-Machine-Manfuacture-300x79.jpg 300w, https:\/\/www.cnwirenail.com\/wp-content\/uploads\/2017\/11\/Newbanner05-High-Speed-Coil-Nail-Collator-Machine-Manfuacture-768x202.jpg 768w, https:\/\/www.cnwirenail.com\/wp-content\/uploads\/2017\/11\/Newbanner05-High-Speed-Coil-Nail-Collator-Machine-Manfuacture.jpg 1900w\" sizes=\"(max-width: 1024px) 100vw, 1024px\" \/><\/a><\/p>\n<p>Romiter Group tiene su sede en el norte de China. Romiter Grupo se concentra en la fabricaci\u00f3n y u\u00f1as de comercio que hace la m\u00e1quina, alambre m\u00e1quina de dibujo, Tornillo de clavo que hace la m\u00e1quina, Nail Roofing que hace la m\u00e1quina, clavo de hormig\u00f3n que hace la m\u00e1quina, remache del clavo que hace la m\u00e1quina, alambre de malla m\u00e1quina de soldadura, alambre de malla m\u00e1quina de tejer, Butt Weld m\u00e1quina. Romiter tambi\u00e9n puede proporcionar la m\u00e1quina de productos de alambre, incluyen m\u00e1quina de hacer percha de alambre, resorte de alambre que hace la m\u00e1quina.<\/p>\n<p><span style=\"font-size: 12px; font-family: Verdana;\"><a href=\"https:\/\/www.cnwirenail.com\/wp-content\/uploads\/2017\/11\/Newbanner03-Super-High-Speed-Steel-Wire-Nail-Making-Machine-Manufacture.jpg\"><img decoding=\"async\" class=\"alignnone size-large wp-image-2363\" src=\"https:\/\/www.cnwirenail.com\/wp-content\/uploads\/2017\/11\/Newbanner03-Super-High-Speed-Steel-Wire-Nail-Making-Machine-Manufacture-1024x269.jpg\" alt=\"Newbanner03-Super-High-Speed-Steel-Wire-Nail-Making-Machine-Manufacture\" width=\"1024\" height=\"269\" srcset=\"https:\/\/www.cnwirenail.com\/wp-content\/uploads\/2017\/11\/Newbanner03-Super-High-Speed-Steel-Wire-Nail-Making-Machine-Manufacture-1024x269.jpg 1024w, https:\/\/www.cnwirenail.com\/wp-content\/uploads\/2017\/11\/Newbanner03-Super-High-Speed-Steel-Wire-Nail-Making-Machine-Manufacture-300x79.jpg 300w, https:\/\/www.cnwirenail.com\/wp-content\/uploads\/2017\/11\/Newbanner03-Super-High-Speed-Steel-Wire-Nail-Making-Machine-Manufacture-768x202.jpg 768w, https:\/\/www.cnwirenail.com\/wp-content\/uploads\/2017\/11\/Newbanner03-Super-High-Speed-Steel-Wire-Nail-Making-Machine-Manufacture.jpg 1900w\" sizes=\"(max-width: 1024px) 100vw, 1024px\" \/><\/a><\/span><\/p>\n<p>Romiter de u\u00f1as que hace la m\u00e1quina adopta la tecnolog\u00eda avanzada y es capaz de producir dos clavos de acero comunes y clavo de acero en forma especial.<br \/>\nRomiter acoplamiento de alambre de la m\u00e1quina de soldadura tiene la velocidad r\u00e1pida y efecto soldadura perfecta. Aplicaci\u00f3n durable, hermosa y amplia<\/p>\n<p><a href=\"https:\/\/www.cnwirenail.com\/wp-content\/uploads\/2017\/11\/Newbanner02-Automatic-Steel-Wire-Drawing-Machine-Manufacture-and-Supplier-for-Sale.jpg\"><img decoding=\"async\" class=\"alignnone size-large wp-image-2365\" src=\"https:\/\/www.cnwirenail.com\/wp-content\/uploads\/2017\/11\/Newbanner02-Automatic-Steel-Wire-Drawing-Machine-Manufacture-and-Supplier-for-Sale-1024x269.jpg\" alt=\"Newbanner02-Automatic-Steel-Wire-Drawing-Machine-Manufacture-and-Supplier-for-Sale\" width=\"1024\" height=\"269\" srcset=\"https:\/\/www.cnwirenail.com\/wp-content\/uploads\/2017\/11\/Newbanner02-Automatic-Steel-Wire-Drawing-Machine-Manufacture-and-Supplier-for-Sale-1024x269.jpg 1024w, https:\/\/www.cnwirenail.com\/wp-content\/uploads\/2017\/11\/Newbanner02-Automatic-Steel-Wire-Drawing-Machine-Manufacture-and-Supplier-for-Sale-300x79.jpg 300w, https:\/\/www.cnwirenail.com\/wp-content\/uploads\/2017\/11\/Newbanner02-Automatic-Steel-Wire-Drawing-Machine-Manufacture-and-Supplier-for-Sale-768x202.jpg 768w, https:\/\/www.cnwirenail.com\/wp-content\/uploads\/2017\/11\/Newbanner02-Automatic-Steel-Wire-Drawing-Machine-Manufacture-and-Supplier-for-Sale.jpg 1900w\" sizes=\"(max-width: 1024px) 100vw, 1024px\" \/><\/a><\/p>\n<div id=\"ez-toc-container\" class=\"ez-toc-v2_0_82_2 ez-toc-wrap-left counter-hierarchy ez-toc-counter ez-toc-grey ez-toc-container-direction\">\n<p class=\"ez-toc-title\" style=\"cursor:inherit\">Table of Contents<\/p>\n<label for=\"ez-toc-cssicon-toggle-item-69df51c5c3fb0\" class=\"ez-toc-cssicon-toggle-label\"><span class=\"\"><span class=\"eztoc-hide\" style=\"display:none;\">Toggle<\/span><span class=\"ez-toc-icon-toggle-span\"><svg style=\"fill: #999;color:#999\" xmlns=\"http:\/\/www.w3.org\/2000\/svg\" class=\"list-377408\" width=\"20px\" height=\"20px\" viewBox=\"0 0 24 24\" fill=\"none\"><path d=\"M6 6H4v2h2V6zm14 0H8v2h12V6zM4 11h2v2H4v-2zm16 0H8v2h12v-2zM4 16h2v2H4v-2zm16 0H8v2h12v-2z\" fill=\"currentColor\"><\/path><\/svg><svg style=\"fill: #999;color:#999\" class=\"arrow-unsorted-368013\" xmlns=\"http:\/\/www.w3.org\/2000\/svg\" width=\"10px\" height=\"10px\" viewBox=\"0 0 24 24\" version=\"1.2\" baseProfile=\"tiny\"><path d=\"M18.2 9.3l-6.2-6.3-6.2 6.3c-.2.2-.3.4-.3.7s.1.5.3.7c.2.2.4.3.7.3h11c.3 0 .5-.1.7-.3.2-.2.3-.5.3-.7s-.1-.5-.3-.7zM5.8 14.7l6.2 6.3 6.2-6.3c.2-.2.3-.5.3-.7s-.1-.5-.3-.7c-.2-.2-.4-.3-.7-.3h-11c-.3 0-.5.1-.7.3-.2.2-.3.5-.3.7s.1.5.3.7z\"\/><\/svg><\/span><\/span><\/label><input type=\"checkbox\"  id=\"ez-toc-cssicon-toggle-item-69df51c5c3fb0\"  aria-label=\"Alternar\" \/><nav><ul class='ez-toc-list ez-toc-list-level-1 ' ><li class='ez-toc-page-1 ez-toc-heading-level-2'><a class=\"ez-toc-link ez-toc-heading-1\" href=\"https:\/\/www.cnwirenail.com\/es\/acerca-de-nosotros\/#Service\" >Service<\/a><\/li><li class='ez-toc-page-1 ez-toc-heading-level-2'><a class=\"ez-toc-link ez-toc-heading-2\" href=\"https:\/\/www.cnwirenail.com\/es\/acerca-de-nosotros\/#Basic_Information\" >Basic Information<\/a><\/li><li class='ez-toc-page-1 ez-toc-heading-level-2'><a class=\"ez-toc-link ez-toc-heading-3\" href=\"https:\/\/www.cnwirenail.com\/es\/acerca-de-nosotros\/#Welcome_to_Contact_Us\" >Welcome to Contact Us<\/a><\/li><li class='ez-toc-page-1 ez-toc-heading-level-2'><a class=\"ez-toc-link ez-toc-heading-4\" href=\"https:\/\/www.cnwirenail.com\/es\/acerca-de-nosotros\/#Send_Us_Inquiry_to_Get_Quotation\" >Send Us Inquiry to Get Quotation<\/a><\/li><\/ul><\/nav><\/div>\n<h2><span class=\"ez-toc-section\" id=\"Service\"><\/span>Service<span class=\"ez-toc-section-end\"><\/span><\/h2>\n<ol>\n<li>Our own QC staffs ,check the quality strictly before deliverying for our clients.<\/li>\n<li>Detailed introductions make you understood,and make you to operate all the machines easily.<\/li>\n<li>If need professional engineer will go to your plant to set the machine for you until it operates very well.<\/li>\n<li>If there was something wrong with the machines,we promise it will be solved within 24 hours.<\/li>\n<\/ol>\n<p>Now we are purchasing agent of many customers all over the world.Purchase almost everything for them.We have lots of experiences of purchasing. Low cost and good quality is our target<\/p>\n<p><a href=\"https:\/\/www.cnwirenail.com\/wp-content\/uploads\/2017\/11\/Newbanner04-Automatic-Roofing-Nail-Umbrella-Nail-Making-Machine-Manufacture-for-Sale.jpg\"><img decoding=\"async\" class=\"alignnone size-large wp-image-2364\" src=\"https:\/\/www.cnwirenail.com\/wp-content\/uploads\/2017\/11\/Newbanner04-Automatic-Roofing-Nail-Umbrella-Nail-Making-Machine-Manufacture-for-Sale-1024x269.jpg\" alt=\"Newbanner04-Automatic-Roofing-Nail-Umbrella-Nail-Making-Machine-Manufacture-for-Sale\" width=\"1024\" height=\"269\" srcset=\"https:\/\/www.cnwirenail.com\/wp-content\/uploads\/2017\/11\/Newbanner04-Automatic-Roofing-Nail-Umbrella-Nail-Making-Machine-Manufacture-for-Sale-1024x269.jpg 1024w, https:\/\/www.cnwirenail.com\/wp-content\/uploads\/2017\/11\/Newbanner04-Automatic-Roofing-Nail-Umbrella-Nail-Making-Machine-Manufacture-for-Sale-300x79.jpg 300w, https:\/\/www.cnwirenail.com\/wp-content\/uploads\/2017\/11\/Newbanner04-Automatic-Roofing-Nail-Umbrella-Nail-Making-Machine-Manufacture-for-Sale-768x202.jpg 768w, https:\/\/www.cnwirenail.com\/wp-content\/uploads\/2017\/11\/Newbanner04-Automatic-Roofing-Nail-Umbrella-Nail-Making-Machine-Manufacture-for-Sale.jpg 1900w\" sizes=\"(max-width: 1024px) 100vw, 1024px\" \/><\/a><\/p>\n<h2><span class=\"ez-toc-section\" id=\"Basic_Information\"><\/span>Basic Information<span class=\"ez-toc-section-end\"><\/span><\/h2>\n<table width=\"596\">\n<tbody>\n<tr>\n<td width=\"174\">Business Type:<\/td>\n<td width=\"422\">Manufacture, Trading Company, Purchasing Agent<\/td>\n<\/tr>\n<tr>\n<td>Product\/Service:<\/td>\n<td width=\"422\"><a href=\"https:\/\/www.cnwirenail.com\/\">Nail Making Machine<\/a>, <a href=\"https:\/\/www.cnwirenail.com\/rivet-nail-making-machine.html\">Rivet Nail Making Machine<\/a>, <a href=\"https:\/\/www.cnwirenail.com\/automatic-roofing-nail-making-machine.html\">Roofing Nail Making Machine<\/a>, Concrete Nail Making Machine, <a href=\"https:\/\/www.cnwirenail.com\/dry-type-wire-drawing-machine.html\">Wire Drawing Machine<\/a>, <a href=\"https:\/\/www.cnwirenail.com\/nail-polishing-machine.html\">Nail Polishing Machine<\/a>, <a href=\"https:\/\/www.cnwirenail.com\/galvanized-nail-machine.html\">Nail Galvanizing Machine<\/a>, Nail Sharpener, Wire Mesh Welding Machine, Wire Mesh Weaving Machine, Wire Butt Welding Machine, <a href=\"https:\/\/www.cnwirenail.com\/cnc-control-galvanized-wire-hunger-making-machine.html\">Wire Hanger Making Machine<\/a>, <a href=\"https:\/\/www.cnwirenail.com\/clothes-pegs-wire-spring-making-machine.html\">Wire Spring Making Machine<\/a>,\u00a0<a href=\"https:\/\/www.cnwirenail.com\/steel-chain-making-machine.html\">Steel Chain Making Machine<\/a>, Bobby Pin Making Machine, <a href=\"https:\/\/www.cnwirenail.com\/bicycle-spoke-making-machine.html\">Spoke Making Machine<\/a><\/td>\n<\/tr>\n<tr>\n<td width=\"174\">Main Market:<\/td>\n<td width=\"422\">Worldwide<\/td>\n<\/tr>\n<tr>\n<td width=\"174\">Brands:<\/td>\n<td width=\"422\">Romiter<\/td>\n<\/tr>\n<tr>\n<td width=\"174\">Motto<\/td>\n<td width=\"422\">Be your best business partner<\/td>\n<\/tr>\n<\/tbody>\n<\/table>\n<h2><span class=\"ez-toc-section\" id=\"Welcome_to_Contact_Us\"><\/span>Welcome to Contact Us<span class=\"ez-toc-section-end\"><\/span><\/h2>\n\n<div class=\"wpcf7 no-js\" id=\"wpcf7-f4-o1\" lang=\"zh-CN\" dir=\"ltr\" data-wpcf7-id=\"4\">\n<div class=\"screen-reader-response\"><p role=\"status\" aria-live=\"polite\" aria-atomic=\"true\"><\/p> <ul><\/ul><\/div>\n<form action=\"\/es\/wp-json\/wp\/v2\/pages\/122#wpcf7-f4-o1\" method=\"post\" class=\"wpcf7-form init\" aria-label=\"\u7559\u8a00\u8868\u5355\" novalidate=\"novalidate\" data-status=\"init\">\n<fieldset class=\"hidden-fields-container\"><input type=\"hidden\" name=\"_wpcf7\" value=\"4\" \/><input type=\"hidden\" name=\"_wpcf7_version\" value=\"6.1.5\" \/><input type=\"hidden\" name=\"_wpcf7_locale\" value=\"zh_CN\" \/><input type=\"hidden\" name=\"_wpcf7_unit_tag\" value=\"wpcf7-f4-o1\" \/><input type=\"hidden\" name=\"_wpcf7_container_post\" value=\"0\" \/><input type=\"hidden\" name=\"_wpcf7_posted_data_hash\" value=\"\" \/>\n<\/fieldset>\n<div id=\"inquiryForm\">\n\t<h2><span class=\"ez-toc-section\" id=\"Send_Us_Inquiry_to_Get_Quotation\"><\/span>Send Us Inquiry to Get Quotation\n\t<span class=\"ez-toc-section-end\"><\/span><\/h2>\n\t<p>Please enter your contact information and the details you want to know about our product.\n\t<\/p>\n\t<p>Your Name (required)\n\t<\/p>\n\t<p><span class=\"wpcf7-form-control-wrap\" data-name=\"your-name\"><input size=\"40\" maxlength=\"400\" class=\"wpcf7-form-control wpcf7-text wpcf7-validates-as-required\" aria-required=\"true\" aria-invalid=\"false\" value=\"\" type=\"text\" name=\"your-name\" \/><\/span>\n\t<\/p>\n\t<p>Your Email (required)\n\t<\/p>\n\t<p><span class=\"wpcf7-form-control-wrap\" data-name=\"your-email\"><input size=\"40\" maxlength=\"400\" class=\"wpcf7-form-control wpcf7-email wpcf7-validates-as-required wpcf7-text wpcf7-validates-as-email\" aria-required=\"true\" aria-invalid=\"false\" value=\"\" type=\"email\" name=\"your-email\" \/><\/span>\n\t<\/p>\n\t<p>Country\n\t<\/p>\n\t<p><span class=\"wpcf7-form-control-wrap\" data-name=\"your-country\"><input size=\"40\" maxlength=\"400\" class=\"wpcf7-form-control wpcf7-text\" aria-invalid=\"false\" placeholder=\"Tell us Your Country\" value=\"\" type=\"text\" name=\"your-country\" \/><\/span>\n\t<\/p>\n\t<p>WhatsApp\n\t<\/p>\n\t<p><span class=\"wpcf7-form-control-wrap\" data-name=\"your-whatsapp\"><input size=\"40\" maxlength=\"400\" class=\"wpcf7-form-control wpcf7-text\" aria-invalid=\"false\" placeholder=\"Your WhatsApp ID with Country Code\" value=\"\" type=\"text\" name=\"your-whatsapp\" \/><\/span>\n\t<\/p>\n\t<p>Subject\n\t<\/p>\n\t<p><span class=\"wpcf7-form-control-wrap\" data-name=\"your-subject\"><input size=\"40\" maxlength=\"400\" class=\"wpcf7-form-control wpcf7-text\" aria-invalid=\"false\" value=\"\" type=\"text\" name=\"your-subject\" \/><\/span>\n\t<\/p>\n\t<p>Your Message (required)\n\t<\/p>\n\t<p><span class=\"wpcf7-form-control-wrap\" data-name=\"your-message\"><textarea cols=\"40\" rows=\"10\" maxlength=\"2000\" class=\"wpcf7-form-control wpcf7-textarea wpcf7-validates-as-required\" aria-required=\"true\" aria-invalid=\"false\" placeholder=\"please specify your detail requirement here\" name=\"your-message\"><\/textarea><\/span>\n\t<\/p>\n\t<p><input class=\"wpcf7-form-control wpcf7-submit has-spinner\" type=\"submit\" value=\"Send\" \/>\n\t<\/p>\n<\/div><p style=\"display: none !important;\" class=\"akismet-fields-container\" data-prefix=\"_wpcf7_ak_\"><label>&#916;<textarea name=\"_wpcf7_ak_hp_textarea\" cols=\"45\" rows=\"8\" maxlength=\"100\"><\/textarea><\/label><input type=\"hidden\" id=\"ak_js_1\" name=\"_wpcf7_ak_js\" value=\"160\"\/><script>document.getElementById( \"ak_js_1\" ).setAttribute( \"value\", ( new Date() ).getTime() );<\/script><\/p><div class=\"wpcf7-response-output\" aria-hidden=\"true\"><\/div>\n<\/form>\n<\/div>\n\n","protected":false},"excerpt":{"rendered":"<p>Romiter Group tiene su sede en el norte de China. Romiter Grupo se concentra en la fabricaci\u00f3n y u\u00f1as de comercio que hace la m\u00e1quina, alambre m\u00e1quina de dibujo, Tornillo de clavo que hace la m\u00e1quina, Nail Roofing que hace la m\u00e1quina, clavo de hormig\u00f3n que hace la m\u00e1quina, remache del clavo que hace la m\u00e1quina, alambre de malla m\u00e1quina de soldadura, alambre de malla m\u00e1quina de tejer, Butt Weld m\u00e1quina. Romiter tambi\u00e9n puede proporcionar la m\u00e1quina de productos de alambre, incluyen m\u00e1quina de hacer percha de alambre, resorte de alambre que hace la m\u00e1quina. Romiter de u\u00f1as que hace la m\u00e1quina adopta la tecnolog\u00eda avanzada y es capaz de producir dos clavos de acero comunes y clavo de acero en forma especial. Romiter acoplamiento de alambre de la m\u00e1quina de soldadura tiene la velocidad r\u00e1pida y efecto soldadura perfecta. Aplicaci\u00f3n durable, hermosa y amplia Service Our own QC staffs ,check the quality strictly before deliverying for our clients. Detailed &#8230;<\/p>\n","protected":false},"author":1,"featured_media":0,"parent":0,"menu_order":0,"comment_status":"open","ping_status":"open","template":"","meta":{"footnotes":""},"class_list":["post-122","page","type-page","status-publish","hentry"],"aioseo_notices":[],"_links":{"self":[{"href":"https:\/\/www.cnwirenail.com\/es\/wp-json\/wp\/v2\/pages\/122","targetHints":{"allow":["GET"]}}],"collection":[{"href":"https:\/\/www.cnwirenail.com\/es\/wp-json\/wp\/v2\/pages"}],"about":[{"href":"https:\/\/www.cnwirenail.com\/es\/wp-json\/wp\/v2\/types\/page"}],"author":[{"embeddable":true,"href":"https:\/\/www.cnwirenail.com\/es\/wp-json\/wp\/v2\/users\/1"}],"replies":[{"embeddable":true,"href":"https:\/\/www.cnwirenail.com\/es\/wp-json\/wp\/v2\/comments?post=122"}],"version-history":[{"count":0,"href":"https:\/\/www.cnwirenail.com\/es\/wp-json\/wp\/v2\/pages\/122\/revisions"}],"wp:attachment":[{"href":"https:\/\/www.cnwirenail.com\/es\/wp-json\/wp\/v2\/media?parent=122"}],"curies":[{"name":"wp","href":"https:\/\/api.w.org\/{rel}","templated":true}]}}